{"id":95,"date":"2025-04-20T13:01:21","date_gmt":"2025-04-20T13:01:21","guid":{"rendered":"https:\/\/swiss-himalayan-amity.ch\/de\/?page_id=95"},"modified":"2025-11-27T11:20:53","modified_gmt":"2025-11-27T11:20:53","slug":"education","status":"publish","type":"page","link":"https:\/\/swiss-himalayan-amity.ch\/de\/education\/","title":{"rendered":"Education"},"content":{"rendered":"<p>[et_pb_section fb_built=&#8221;1&#8243; _builder_version=&#8221;4.27.4&#8243; _module_preset=&#8221;default&#8221; custom_margin=&#8221;0px||0px||true|false&#8221; custom_margin_tablet=&#8221;0px||0px||true|false&#8221; custom_margin_phone=&#8221;0px||||false|false&#8221; custom_margin_last_edited=&#8221;off|desktop&#8221; custom_padding=&#8221;0px||0px||true|false&#8221; global_colors_info=&#8221;{}&#8221;][et_pb_row _builder_version=&#8221;4.27.4&#8243; _module_preset=&#8221;default&#8221; width=&#8221;100%&#8221; max_width=&#8221;2000px&#8221; module_alignment=&#8221;center&#8221; custom_margin=&#8221;0px||0px||true|false&#8221; custom_padding=&#8221;0px||0px||true|false&#8221; global_colors_info=&#8221;{}&#8221;][et_pb_column type=&#8221;4_4&#8243; _builder_version=&#8221;4.27.4&#8243; _module_preset=&#8221;default&#8221; global_colors_info=&#8221;{}&#8221;][et_pb_image src=&#8221;https:\/\/swiss-himalayan-amity.ch\/de\/wp-content\/uploads\/2025\/04\/image-43-5.jpg&#8221; title_text=&#8221;image 43 (5)&#8221; _builder_version=&#8221;4.27.4&#8243; _module_preset=&#8221;default&#8221; global_colors_info=&#8221;{}&#8221;][\/et_pb_image][\/et_pb_column][\/et_pb_row][\/et_pb_section][et_pb_section fb_built=&#8221;1&#8243; _builder_version=&#8221;4.27.4&#8243; _module_preset=&#8221;default&#8221; global_colors_info=&#8221;{}&#8221;][et_pb_row custom_padding_last_edited=&#8221;on|phone&#8221; _builder_version=&#8221;4.27.4&#8243; _module_preset=&#8221;default&#8221; width=&#8221;90%&#8221; max_width=&#8221;2000px&#8221; module_alignment=&#8221;center&#8221; custom_padding_tablet=&#8221;&#8221; custom_padding_phone=&#8221;0px||0px||true|false&#8221; global_colors_info=&#8221;{}&#8221;][et_pb_column type=&#8221;4_4&#8243; _builder_version=&#8221;4.27.4&#8243; _module_preset=&#8221;default&#8221; global_colors_info=&#8221;{}&#8221;][et_pb_text _builder_version=&#8221;4.27.4&#8243; _module_preset=&#8221;default&#8221; text_font=&#8221;DM Sans||||||||&#8221; text_text_color=&#8221;#000000&#8243; text_font_size=&#8221;35px&#8221; text_line_height=&#8221;45px&#8221; custom_margin=&#8221;||15px|||&#8221; text_font_size_tablet=&#8221;35px&#8221; text_font_size_phone=&#8221;25px&#8221; text_font_size_last_edited=&#8221;on|phone&#8221; text_line_height_tablet=&#8221;45px&#8221; text_line_height_phone=&#8221;35px&#8221; text_line_height_last_edited=&#8221;on|phone&#8221; locked=&#8221;off&#8221; global_colors_info=&#8221;{}&#8221;]<\/p>\n<p>Bildung<\/p>\n<p>[\/et_pb_text][et_pb_text _builder_version=&#8221;4.27.4&#8243; _module_preset=&#8221;default&#8221; text_font=&#8221;DM Sans Light||||||||&#8221; text_text_color=&#8221;#000000&#8243; text_font_size=&#8221;16px&#8221; hover_enabled=&#8221;0&#8243; text_font_size_tablet=&#8221;16px&#8221; text_font_size_phone=&#8221;15px&#8221; text_font_size_last_edited=&#8221;on|phone&#8221; global_colors_info=&#8221;{}&#8221; sticky_enabled=&#8221;0&#8243;]<\/p>\n<p>Der Zugang zu hochwertiger Bildung und Kompetenzentwicklung ist unerl\u00e4sslich, um den Kreislauf der Armut zu durchbrechen und widerstandsf\u00e4hige Gemeinschaften aufzubauen. In den abgelegenen Regionen von Uttarakhand setzen sich Organisationen wie Aarohi und Arogya daf\u00fcr ein, Kindern und jungen Erwachsenen das Wissen, die Werkzeuge und die M\u00f6glichkeiten zu vermitteln, die sie ben\u00f6tigen, um eine bessere Zukunft zu gestalten. Von der fr\u00fchkindlichen Bildung \u00fcber die berufliche Ausbildung bis hin zur Gesundheitsaufkl\u00e4rung f\u00fcr Jugendliche sorgen diese Initiativen daf\u00fcr, dass das Lernen \u00fcber die Schulb\u00fccher hinausgeht und den Menschen Lebenskompetenzen, berufliche M\u00f6glichkeiten und wichtige Gesundheitskenntnisse vermittelt werden.<\/p>\n<p>[\/et_pb_text][\/et_pb_column][\/et_pb_row][\/et_pb_section][et_pb_section fb_built=&#8221;1&#8243; _builder_version=&#8221;4.27.4&#8243; _module_preset=&#8221;default&#8221; custom_margin=&#8221;0px||0px||true|false&#8221; custom_padding=&#8221;0px||0px||true|false&#8221; global_colors_info=&#8221;{}&#8221;][et_pb_row column_structure=&#8221;1_2,1_2&#8243; use_custom_gutter=&#8221;on&#8221; gutter_width=&#8221;1&#8243; make_equal=&#8221;on&#8221; _builder_version=&#8221;4.27.4&#8243; _module_preset=&#8221;default&#8221; width=&#8221;100%&#8221; max_width=&#8221;1800px&#8221; module_alignment=&#8221;center&#8221; custom_margin=&#8221;0px||0px||true|false&#8221; custom_padding=&#8221;0px||0px||true|false&#8221; global_colors_info=&#8221;{}&#8221;][et_pb_column type=&#8221;1_2&#8243; _builder_version=&#8221;4.27.4&#8243; _module_preset=&#8221;default&#8221; background_color=&#8221;#fafafa&#8221; custom_padding=&#8221;80px|45px|40px|45px|false|true&#8221; custom_padding_tablet=&#8221;80px|45px|40px|45px|false|true&#8221; custom_padding_phone=&#8221;40px|25px|40px|25px|true|true&#8221; custom_padding_last_edited=&#8221;on|phone&#8221; global_colors_info=&#8221;{}&#8221;][et_pb_text _builder_version=&#8221;4.27.4&#8243; _module_preset=&#8221;default&#8221; text_font=&#8221;DM Sans Light||||||||&#8221; text_text_color=&#8221;#FFFFFF&#8221; text_font_size=&#8221;24px&#8221; custom_margin=&#8221;||89px||false|false&#8221; custom_margin_tablet=&#8221;||89px||false|false&#8221; custom_margin_phone=&#8221;||50px||false|false&#8221; custom_margin_last_edited=&#8221;on|phone&#8221; global_colors_info=&#8221;{}&#8221;]<\/p>\n<p><span style=\"padding: 10px 20px; background: #945132;\">Aarohi<\/span><\/p>\n<p>[\/et_pb_text][et_pb_text _builder_version=&#8221;4.27.4&#8243; _module_preset=&#8221;default&#8221; text_font=&#8221;DM Sans|500|||||||&#8221; text_text_color=&#8221;#f78754&#8243; text_font_size=&#8221;24px&#8221; text_line_height=&#8221;28px&#8221; custom_margin=&#8221;||17px|||&#8221; text_font_size_tablet=&#8221;24px&#8221; text_font_size_phone=&#8221;20px&#8221; text_font_size_last_edited=&#8221;on|phone&#8221; text_line_height_tablet=&#8221;28px&#8221; text_line_height_phone=&#8221;28px&#8221; text_line_height_last_edited=&#8221;on|phone&#8221; global_colors_info=&#8221;{}&#8221;]<\/p>\n<p>Ganzheitliche Bildung f\u00fcr Kinder im l\u00e4ndlichen Raum<\/p>\n<p>[\/et_pb_text][et_pb_text _builder_version=&#8221;4.27.4&#8243; _module_preset=&#8221;default&#8221; text_font=&#8221;DM Sans Light||||||||&#8221; text_text_color=&#8221;#000000&#8243; text_font_size=&#8221;16px&#8221; width=&#8221;90%&#8221; width_tablet=&#8221;90%&#8221; width_phone=&#8221;100%&#8221; width_last_edited=&#8221;on|phone&#8221; hover_enabled=&#8221;0&#8243; text_font_size_tablet=&#8221;16px&#8221; text_font_size_phone=&#8221;15px&#8221; text_font_size_last_edited=&#8221;on|phone&#8221; global_colors_info=&#8221;{}&#8221; sticky_enabled=&#8221;0&#8243;]<\/p>\n<p>Aarohi Bal Sansar ist eine Schule, die sich dem ganzheitlichen Lernen verschrieben hat und akademische Exzellenz mit au\u00dferschulischen Aktivit\u00e4ten verbindet. Sie folgt dem staatlich vorgeschriebenen Lehrplan und bietet Sport, Kunst und Handwerk, Musik, Tanz und Zugang zu einem Computerraum. Au\u00dferdem leistet sie Ern\u00e4hrungshilfe, um Mangelern\u00e4hrung zu bek\u00e4mpfen und das Wohlbefinden der Sch\u00fcler zu f\u00f6rdern, und sorgt f\u00fcr die finanzielle Unterst\u00fctzung bed\u00fcrftiger Sch\u00fcler. Drei Schulbusse sorgen f\u00fcr einen sicheren und p\u00fcnktlichen Schulweg.<\/p>\n<p>[\/et_pb_text][\/et_pb_column][et_pb_column type=&#8221;1_2&#8243; _builder_version=&#8221;4.27.4&#8243; _module_preset=&#8221;default&#8221; background_image=&#8221;https:\/\/swiss-himalayan-amity.ch\/de\/wp-content\/uploads\/2025\/04\/image-51.webp&#8221; global_colors_info=&#8221;{}&#8221;][et_pb_image src=&#8221;https:\/\/swiss-himalayan-amity.ch\/de\/wp-content\/uploads\/2025\/04\/image-51.webp&#8221; title_text=&#8221;image 51&#8243; _builder_version=&#8221;4.27.4&#8243; _module_preset=&#8221;default&#8221; global_colors_info=&#8221;{}&#8221;][\/et_pb_image][\/et_pb_column][\/et_pb_row][et_pb_row column_structure=&#8221;1_2,1_2&#8243; use_custom_gutter=&#8221;on&#8221; gutter_width=&#8221;1&#8243; make_equal=&#8221;on&#8221; _builder_version=&#8221;4.27.4&#8243; _module_preset=&#8221;default&#8221; width=&#8221;100%&#8221; max_width=&#8221;1800px&#8221; module_alignment=&#8221;center&#8221; custom_margin=&#8221;0px||0px||true|false&#8221; custom_padding=&#8221;0px||0px||true|false&#8221; custom_css_main_element=&#8221;||&#8221; global_colors_info=&#8221;{}&#8221; custom_css_main_element_last_edited=&#8221;on|tablet&#8221; custom_css_main_element_phone=&#8221;display:flex;||flex-direction: column;&#8221; custom_css_main_element_tablet=&#8221;display:flex;||flex-direction: column;&#8221;][et_pb_column type=&#8221;1_2&#8243; _builder_version=&#8221;4.27.4&#8243; _module_preset=&#8221;default&#8221; background_image=&#8221;https:\/\/swiss-himalayan-amity.ch\/de\/wp-content\/uploads\/2025\/04\/image-51.webp&#8221; global_colors_info=&#8221;{}&#8221; custom_css_main_element_last_edited=&#8221;on|tablet&#8221; custom_css_main_element_tablet=&#8221;order:2;&#8221; custom_css_main_element_phone=&#8221;order:2;&#8221;][et_pb_image src=&#8221;https:\/\/swiss-himalayan-amity.ch\/de\/wp-content\/uploads\/2025\/04\/image-52-1.webp&#8221; title_text=&#8221;image 52 (1)&#8221; _builder_version=&#8221;4.27.4&#8243; _module_preset=&#8221;default&#8221; global_colors_info=&#8221;{}&#8221;][\/et_pb_image][\/et_pb_column][et_pb_column type=&#8221;1_2&#8243; _builder_version=&#8221;4.27.4&#8243; _module_preset=&#8221;default&#8221; background_color=&#8221;#fafafa&#8221; custom_padding=&#8221;80px|45px|40px|45px|false|true&#8221; custom_padding_tablet=&#8221;80px|45px|40px|45px|false|true&#8221; custom_padding_phone=&#8221;40px|25px|40px|25px|false|true&#8221; custom_padding_last_edited=&#8221;on|phone&#8221; global_colors_info=&#8221;{}&#8221; custom_css_main_element_last_edited=&#8221;on|tablet&#8221; custom_css_main_element_tablet=&#8221;order:1;&#8221; custom_css_main_element_phone=&#8221;order:1;&#8221;][et_pb_text _builder_version=&#8221;4.27.4&#8243; _module_preset=&#8221;default&#8221; text_font=&#8221;DM Sans Light||||||||&#8221; text_text_color=&#8221;#FFFFFF&#8221; text_font_size=&#8221;24px&#8221; custom_margin=&#8221;||89px||false|false&#8221; custom_margin_tablet=&#8221;||89px||false|false&#8221; custom_margin_phone=&#8221;||50px||false|false&#8221; custom_margin_last_edited=&#8221;on|phone&#8221; global_colors_info=&#8221;{}&#8221;]<\/p>\n<p><span style=\"padding: 10px 20px; background: #945132;\">Aarohi<\/span><\/p>\n<p>[\/et_pb_text][et_pb_text _builder_version=&#8221;4.27.4&#8243; _module_preset=&#8221;default&#8221; text_font=&#8221;DM Sans|500|||||||&#8221; text_text_color=&#8221;#f78754&#8243; text_font_size=&#8221;24px&#8221; text_line_height=&#8221;28px&#8221; custom_margin=&#8221;||17px|||&#8221; hover_enabled=&#8221;0&#8243; text_font_size_tablet=&#8221;24px&#8221; text_font_size_phone=&#8221;20px&#8221; text_font_size_last_edited=&#8221;on|phone&#8221; global_colors_info=&#8221;{}&#8221; sticky_enabled=&#8221;0&#8243;]<\/p>\n<p>Selbstbildung f\u00fcr Jugendliche:<br \/>F\u00e4higkeiten f\u00fcr die Zukunft erwerben<\/p>\n<p>[\/et_pb_text][et_pb_text _builder_version=&#8221;4.27.4&#8243; _module_preset=&#8221;default&#8221; text_font=&#8221;DM Sans Light||||||||&#8221; text_text_color=&#8221;#000000&#8243; text_font_size=&#8221;16px&#8221; width=&#8221;90%&#8221; width_tablet=&#8221;90%&#8221; width_phone=&#8221;100%&#8221; width_last_edited=&#8221;on|phone&#8221; hover_enabled=&#8221;0&#8243; text_font_size_tablet=&#8221;16px&#8221; text_font_size_phone=&#8221;15px&#8221; text_font_size_last_edited=&#8221;on|phone&#8221; global_colors_info=&#8221;{}&#8221; sticky_enabled=&#8221;0&#8243;]<\/p>\n<p>SHA und Aarohi arbeiten zusammen und haben ein Kompetenzentwicklungszentrum gegr\u00fcndet, das sich auf IT, Schneiderei, Versch\u00f6nung und Landwirtschaft konzentriert. Wir haben Pl\u00e4ne, weitere Berufe in dieses Programm zu integrieren. Wir bilden Jugendliche sowohl in landwirtschaftlichen als auch in nicht-landwirtschaftlichen Berufen weiter und schaffen so nachhaltige Lebensgrundlagen f\u00fcr junge Menschen. Dar\u00fcber hinaus bieten wir Unternehmertrainings, Inkubatoren und finanzielle Unterst\u00fctzung, um diese Gemeinden zu f\u00f6rdern.<\/p>\n<p>[\/et_pb_text][\/et_pb_column][\/et_pb_row][et_pb_row column_structure=&#8221;1_2,1_2&#8243; use_custom_gutter=&#8221;on&#8221; gutter_width=&#8221;1&#8243; make_equal=&#8221;on&#8221; _builder_version=&#8221;4.27.4&#8243; _module_preset=&#8221;default&#8221; width=&#8221;100%&#8221; max_width=&#8221;1800px&#8221; module_alignment=&#8221;center&#8221; custom_margin=&#8221;0px||0px||true|false&#8221; custom_padding=&#8221;0px||0px||true|false&#8221; global_colors_info=&#8221;{}&#8221; custom_css_main_element_last_edited=&#8221;off|tablet&#8221; custom_css_main_element_tablet=&#8221;display:flex;||flex-direction: column;&#8221;][et_pb_column type=&#8221;1_2&#8243; _builder_version=&#8221;4.27.4&#8243; _module_preset=&#8221;default&#8221; background_color=&#8221;#fafafa&#8221; custom_padding=&#8221;80px|45px|40px|45px|false|true&#8221; custom_padding_tablet=&#8221;80px|45px|40px|45px|false|true&#8221; custom_padding_phone=&#8221;40px|25px|40px|25px|false|true&#8221; custom_padding_last_edited=&#8221;on|phone&#8221; global_colors_info=&#8221;{}&#8221; custom_css_main_element_last_edited=&#8221;off|desktop&#8221; custom_css_main_element_tablet=&#8221;order:2;&#8221;][et_pb_text _builder_version=&#8221;4.27.4&#8243; _module_preset=&#8221;default&#8221; text_font=&#8221;DM Sans Light||||||||&#8221; text_text_color=&#8221;#FFFFFF&#8221; text_font_size=&#8221;24px&#8221; custom_margin=&#8221;||89px||false|false&#8221; custom_margin_tablet=&#8221;||89px||false|false&#8221; custom_margin_phone=&#8221;||50px||false|false&#8221; custom_margin_last_edited=&#8221;on|phone&#8221; global_colors_info=&#8221;{}&#8221;]<\/p>\n<p><span style=\"padding: 10px 20px; background: #945132;\">Aarohi<\/span><\/p>\n<p>[\/et_pb_text][et_pb_text _builder_version=&#8221;4.27.4&#8243; _module_preset=&#8221;default&#8221; text_font=&#8221;DM Sans|500|||||||&#8221; text_text_color=&#8221;#f78754&#8243; text_font_size=&#8221;24px&#8221; text_line_height=&#8221;28px&#8221; custom_margin=&#8221;||17px|||&#8221; hover_enabled=&#8221;0&#8243; text_font_size_tablet=&#8221;24px&#8221; text_font_size_phone=&#8221;20px&#8221; text_font_size_last_edited=&#8221;on|phone&#8221; global_colors_info=&#8221;{}&#8221; sticky_enabled=&#8221;0&#8243;]<\/p>\n<p>Ausbildung des medizinischen Teams<\/p>\n<p>[\/et_pb_text][et_pb_text _builder_version=&#8221;4.27.4&#8243; _module_preset=&#8221;default&#8221; text_font=&#8221;DM Sans Light||||||||&#8221; text_text_color=&#8221;#000000&#8243; text_font_size=&#8221;16px&#8221; width=&#8221;90%&#8221; width_tablet=&#8221;90%&#8221; width_phone=&#8221;100%&#8221; width_last_edited=&#8221;on|phone&#8221; hover_enabled=&#8221;0&#8243; text_font_size_tablet=&#8221;16px&#8221; text_font_size_phone=&#8221;15px&#8221; text_font_size_last_edited=&#8221;on|phone&#8221; global_colors_info=&#8221;{}&#8221; sticky_enabled=&#8221;0&#8243;]<\/p>\n<p>Nach jedem Swiss Surgical Camp finden Schulungsworkshops statt, in denen grundlegende Kenntnisse und F\u00e4higkeiten zur Behandlung von Krankheiten und Traumata in abgelegenen Bergregionen vermittelt werden. Dabei lernen die Teilnehmer, die richtige Diagnose zu stellen, die geeignete Therapie zu w\u00e4hlen und zu entscheiden, wann eine \u00dcberweisung an einen Spezialisten oder ein Krankenhaus erforderlich ist.<\/p>\n<p>[\/et_pb_text][\/et_pb_column][et_pb_column type=&#8221;1_2&#8243; _builder_version=&#8221;4.27.4&#8243; _module_preset=&#8221;default&#8221; background_image=&#8221;https:\/\/swiss-himalayan-amity.ch\/de\/wp-content\/uploads\/2025\/04\/image-51.webp&#8221; global_colors_info=&#8221;{}&#8221; custom_css_main_element_last_edited=&#8221;off|desktop&#8221; custom_css_main_element_tablet=&#8221;order:1;&#8221;][et_pb_image src=&#8221;https:\/\/swiss-himalayan-amity.ch\/de\/wp-content\/uploads\/2025\/04\/image-53.webp&#8221; title_text=&#8221;image 53&#8243; _builder_version=&#8221;4.27.4&#8243; _module_preset=&#8221;default&#8221; global_colors_info=&#8221;{}&#8221;][\/et_pb_image][\/et_pb_column][\/et_pb_row][et_pb_row column_structure=&#8221;1_2,1_2&#8243; use_custom_gutter=&#8221;on&#8221; gutter_width=&#8221;1&#8243; make_equal=&#8221;on&#8221; _builder_version=&#8221;4.27.4&#8243; _module_preset=&#8221;default&#8221; width=&#8221;100%&#8221; max_width=&#8221;1800px&#8221; module_alignment=&#8221;center&#8221; custom_margin=&#8221;0px||0px||true|false&#8221; custom_padding=&#8221;0px||0px||true|false&#8221; global_colors_info=&#8221;{}&#8221; custom_css_main_element_last_edited=&#8221;on|phone&#8221; custom_css_main_element_tablet=&#8221;display:flex;||flex-direction:column;&#8221; custom_css_main_element_phone=&#8221;display:flex;||flex-direction:column;&#8221;][et_pb_column type=&#8221;1_2&#8243; _builder_version=&#8221;4.27.4&#8243; _module_preset=&#8221;default&#8221; background_image=&#8221;https:\/\/swiss-himalayan-amity.ch\/de\/wp-content\/uploads\/2025\/04\/image-51.webp&#8221; global_colors_info=&#8221;{}&#8221; custom_css_main_element_last_edited=&#8221;on|tablet&#8221; custom_css_main_element_tablet=&#8221;order:2;&#8221; custom_css_main_element_phone=&#8221;order:2;&#8221;][et_pb_image src=&#8221;https:\/\/swiss-himalayan-amity.ch\/de\/wp-content\/uploads\/2025\/04\/image-49-1.webp&#8221; title_text=&#8221;image 49 (1)&#8221; _builder_version=&#8221;4.27.4&#8243; _module_preset=&#8221;default&#8221; global_colors_info=&#8221;{}&#8221;][\/et_pb_image][\/et_pb_column][et_pb_column type=&#8221;1_2&#8243; _builder_version=&#8221;4.27.4&#8243; _module_preset=&#8221;default&#8221; background_color=&#8221;#fafafa&#8221; custom_padding=&#8221;80px|45px|40px|45px|false|true&#8221; custom_padding_tablet=&#8221;80px|45px|40px|45px|false|true&#8221; custom_padding_phone=&#8221;40px|25px|40px|25px|false|true&#8221; custom_padding_last_edited=&#8221;on|phone&#8221; global_colors_info=&#8221;{}&#8221; custom_css_main_element_last_edited=&#8221;on|tablet&#8221; custom_css_main_element_tablet=&#8221;order:1;&#8221; custom_css_main_element_phone=&#8221;order:1;&#8221;][et_pb_text _builder_version=&#8221;4.27.4&#8243; _module_preset=&#8221;default&#8221; text_font=&#8221;DM Sans Light||||||||&#8221; text_text_color=&#8221;#FFFFFF&#8221; text_font_size=&#8221;24px&#8221; custom_margin=&#8221;||68px||false|false&#8221; custom_margin_tablet=&#8221;||68px||false|false&#8221; custom_margin_phone=&#8221;||50px||false|false&#8221; custom_margin_last_edited=&#8221;on|phone&#8221; global_colors_info=&#8221;{}&#8221;]<\/p>\n<p><span style=\"padding: 10px 20px; background: #945132;\">Arogya<\/span><\/p>\n<p>[\/et_pb_text][et_pb_text _builder_version=&#8221;4.27.4&#8243; _module_preset=&#8221;default&#8221; text_font=&#8221;DM Sans|500|||||||&#8221; text_text_color=&#8221;#f78754&#8243; text_font_size=&#8221;24px&#8221; text_line_height=&#8221;28px&#8221; custom_margin=&#8221;||17px|||&#8221; text_font_size_tablet=&#8221;24px&#8221; text_font_size_phone=&#8221;20px&#8221; text_font_size_last_edited=&#8221;on|phone&#8221; global_colors_info=&#8221;{}&#8221;]<\/p>\n<p>St\u00e4rkung der Jugend durch Gesundheitserziehung<\/p>\n<p>[\/et_pb_text][et_pb_text _builder_version=&#8221;4.27.4&#8243; _module_preset=&#8221;default&#8221; text_font=&#8221;DM Sans Light||||||||&#8221; text_text_color=&#8221;#000000&#8243; text_font_size=&#8221;16px&#8221; width=&#8221;90%&#8221; width_tablet=&#8221;90%&#8221; width_phone=&#8221;100%&#8221; width_last_edited=&#8221;on|phone&#8221; hover_enabled=&#8221;0&#8243; text_font_size_tablet=&#8221;16px&#8221; text_font_size_phone=&#8221;15px&#8221; text_font_size_last_edited=&#8221;on|phone&#8221; global_colors_info=&#8221;{}&#8221; sticky_enabled=&#8221;0&#8243;]<\/p>\n<p>Arogya verbessert die Aufkl\u00e4rung \u00fcber reproduktive und sexuelle Gesundheit von Jugendlichen (ARSH) in Champawat und stellt sicher, dass junge Menschen Zugang zu korrekten, altersgerechten Informationen haben. Die Organisation f\u00f6rdert fundierte Entscheidungen unter Jugendlichen und reduziert so sexuell \u00fcbertragbare Krankheiten, Fr\u00fchschwangerschaften und psychische Probleme. Sie hat ein Netzwerk von Peer Educators aufgebaut, um das Gesundheitsbewusstsein zu verbreiten, Schulungsmaterialien zu entwickeln und Experten als Berater f\u00fcr die weitere Unterst\u00fctzung zu gewinnen.<\/p>\n<p>[\/et_pb_text][\/et_pb_column][\/et_pb_row][\/et_pb_section]<\/p>\n","protected":false},"excerpt":{"rendered":"<p>BildungDer Zugang zu hochwertiger Bildung und Kompetenzentwicklung ist unerl\u00e4sslich, um den Kreislauf der Armut zu durchbrechen und widerstandsf\u00e4hige Gemeinschaften aufzubauen. In den abgelegenen Regionen von Uttarakhand setzen sich Organisationen wie Aarohi und Arogya daf\u00fcr ein, Kindern und jungen Erwachsenen das Wissen, die Werkzeuge und die M\u00f6glichkeiten zu vermitteln, die sie ben\u00f6tigen, um eine bessere Zukunft zu gestalten. Von der fr\u00fchkindlichen Bildung \u00fcber die berufliche Ausbildung bis hin zur Gesundheitsaufkl\u00e4rung f\u00fcr Jugendliche sorgen diese Initiativen daf\u00fcr, dass das Lernen \u00fcber die Schulb\u00fccher hinausgeht und den Menschen Lebenskompetenzen, berufliche M\u00f6glichkeiten und wichtige Gesundheitskenntnisse vermittelt werden.AarohiGanzheitliche Bildung f\u00fcr Kinder im l\u00e4ndlichen RaumAarohi Bal Sansar ist eine Schule, die sich dem ganzheitlichen Lernen verschrieben hat und akademische Exzellenz mit au\u00dferschulischen Aktivit\u00e4ten verbindet. Sie folgt dem staatlich vorgeschriebenen Lehrplan und bietet Sport, Kunst und Handwerk, Musik, Tanz und Zugang zu einem Computerraum. Au\u00dferdem leistet sie Ern\u00e4hrungshilfe, um Mangelern\u00e4hrung zu bek\u00e4mpfen und das Wohlbefinden der Sch\u00fcler zu f\u00f6rdern, und sorgt f\u00fcr die finanzielle Unterst\u00fctzung bed\u00fcrftiger Sch\u00fcler. Drei Schulbusse sorgen f\u00fcr einen sicheren und p\u00fcnktlichen Schulweg.AarohiSelbstbildung f\u00fcr Jugendliche:F\u00e4higkeiten f\u00fcr die Zukunft erwerbenSHA und Aarohi arbeiten zusammen und haben ein Kompetenzentwicklungszentrum gegr\u00fcndet, das sich auf IT, Schneiderei, Versch\u00f6nung und Landwirtschaft konzentriert. Wir haben Pl\u00e4ne, weitere Berufe in dieses [&hellip;]<\/p>\n","protected":false},"author":1,"featured_media":0,"parent":0,"menu_order":0,"comment_status":"closed","ping_status":"closed","template":"","meta":{"_et_pb_use_builder":"on","_et_pb_old_content":"","_et_gb_content_width":"","footnotes":""},"class_list":["post-95","page","type-page","status-publish","hentry"],"_links":{"self":[{"href":"https:\/\/swiss-himalayan-amity.ch\/de\/wp-json\/wp\/v2\/pages\/95","targetHints":{"allow":["GET"]}}],"collection":[{"href":"https:\/\/swiss-himalayan-amity.ch\/de\/wp-json\/wp\/v2\/pages"}],"about":[{"href":"https:\/\/swiss-himalayan-amity.ch\/de\/wp-json\/wp\/v2\/types\/page"}],"author":[{"embeddable":true,"href":"https:\/\/swiss-himalayan-amity.ch\/de\/wp-json\/wp\/v2\/users\/1"}],"replies":[{"embeddable":true,"href":"https:\/\/swiss-himalayan-amity.ch\/de\/wp-json\/wp\/v2\/comments?post=95"}],"version-history":[{"count":20,"href":"https:\/\/swiss-himalayan-amity.ch\/de\/wp-json\/wp\/v2\/pages\/95\/revisions"}],"predecessor-version":[{"id":576,"href":"https:\/\/swiss-himalayan-amity.ch\/de\/wp-json\/wp\/v2\/pages\/95\/revisions\/576"}],"wp:attachment":[{"href":"https:\/\/swiss-himalayan-amity.ch\/de\/wp-json\/wp\/v2\/media?parent=95"}],"curies":[{"name":"wp","href":"https:\/\/api.w.org\/{rel}","templated":true}]}}