{"id":158,"date":"2025-04-21T10:10:21","date_gmt":"2025-04-21T10:10:21","guid":{"rendered":"https:\/\/swiss-himalayan-amity.ch\/de\/?page_id=158"},"modified":"2025-12-04T07:16:46","modified_gmt":"2025-12-04T07:16:46","slug":"support-us","status":"publish","type":"page","link":"https:\/\/swiss-himalayan-amity.ch\/de\/support-us\/","title":{"rendered":"Support us"},"content":{"rendered":"<p>[et_pb_section fb_built=&#8221;1&#8243; _builder_version=&#8221;4.27.4&#8243; _module_preset=&#8221;default&#8221; custom_margin=&#8221;0px||0px||true|false&#8221; custom_margin_tablet=&#8221;0px||0px||true|false&#8221; custom_margin_phone=&#8221;80px||0px||false|false&#8221; custom_margin_last_edited=&#8221;off|desktop&#8221; custom_padding=&#8221;0px||0px||true|false&#8221; global_colors_info=&#8221;{}&#8221;][et_pb_row _builder_version=&#8221;4.27.4&#8243; _module_preset=&#8221;default&#8221; width=&#8221;100%&#8221; max_width=&#8221;2000px&#8221; module_alignment=&#8221;center&#8221; custom_margin=&#8221;0px||0px||true|false&#8221; custom_padding=&#8221;0px||0px||true|false&#8221; global_colors_info=&#8221;{}&#8221;][et_pb_column type=&#8221;4_4&#8243; _builder_version=&#8221;4.27.4&#8243; _module_preset=&#8221;default&#8221; global_colors_info=&#8221;{}&#8221;][et_pb_image src=&#8221;https:\/\/swiss-himalayan-amity.ch\/de\/wp-content\/uploads\/2025\/04\/image-55.jpg&#8221; title_text=&#8221;image 55&#8243; _builder_version=&#8221;4.27.4&#8243; _module_preset=&#8221;default&#8221; global_colors_info=&#8221;{}&#8221;][\/et_pb_image][\/et_pb_column][\/et_pb_row][\/et_pb_section][et_pb_section fb_built=&#8221;1&#8243; _builder_version=&#8221;4.27.4&#8243; _module_preset=&#8221;default&#8221; global_colors_info=&#8221;{}&#8221;][et_pb_row custom_padding_last_edited=&#8221;on|phone&#8221; _builder_version=&#8221;4.27.4&#8243; _module_preset=&#8221;default&#8221; width=&#8221;90%&#8221; max_width=&#8221;2000px&#8221; module_alignment=&#8221;center&#8221; custom_padding_tablet=&#8221;&#8221; custom_padding_phone=&#8221;0px||0px||true|false&#8221; global_colors_info=&#8221;{}&#8221;][et_pb_column type=&#8221;4_4&#8243; _builder_version=&#8221;4.27.4&#8243; _module_preset=&#8221;default&#8221; global_colors_info=&#8221;{}&#8221;][et_pb_text _builder_version=&#8221;4.27.4&#8243; _module_preset=&#8221;default&#8221; text_font=&#8221;DM Sans||||||||&#8221; text_text_color=&#8221;#000000&#8243; text_font_size=&#8221;35px&#8221; text_line_height=&#8221;45px&#8221; custom_margin=&#8221;||15px|||&#8221; text_font_size_tablet=&#8221;35px&#8221; text_font_size_phone=&#8221;25px&#8221; text_font_size_last_edited=&#8221;on|phone&#8221; text_line_height_tablet=&#8221;45px&#8221; text_line_height_phone=&#8221;35px&#8221; text_line_height_last_edited=&#8221;on|phone&#8221; locked=&#8221;off&#8221; global_colors_info=&#8221;{}&#8221;]<\/p>\n<p>Durch ihre Spende einen echten Beitrag im Himalaya bewirken. Sie k\u00f6nnen uns wie folgt unterst\u00fctzen:<\/p>\n<p>[\/et_pb_text][et_pb_text _builder_version=&#8221;4.27.4&#8243; _module_preset=&#8221;default&#8221; text_font=&#8221;DM Sans Light||||||||&#8221; text_text_color=&#8221;#000000&#8243; text_font_size=&#8221;16px&#8221; width=&#8221;85%&#8221; width_tablet=&#8221;85%&#8221; width_phone=&#8221;100%&#8221; width_last_edited=&#8221;on|phone&#8221; text_font_size_tablet=&#8221;16px&#8221; text_font_size_phone=&#8221;15px&#8221; text_font_size_last_edited=&#8221;on|phone&#8221; global_colors_info=&#8221;{}&#8221;]<\/p>\n<p>Ihr Beitrag hilft dabei, abgelegenen Gemeinden im Himalaya Gesundheitsversorgung, Bildung und \u00f6kologische Nachhaltigkeit zu bieten. Ob durch Spenden, Freiwilligenarbeit, die Teilnahme an unseren chirurgischen Camps oder die Mithilfe in einer unserer Organisationen \u2013 Ihre Unterst\u00fctzung ver\u00e4ndert Leben.<\/p>\n<p>[\/et_pb_text][\/et_pb_column][\/et_pb_row][et_pb_row column_structure=&#8221;1_3,1_3,1_3&#8243; use_custom_gutter=&#8221;on&#8221; gutter_width=&#8221;2&#8243; _builder_version=&#8221;4.27.4&#8243; _module_preset=&#8221;default&#8221; width=&#8221;90%&#8221; max_width=&#8221;1800px&#8221; module_alignment=&#8221;center&#8221; hover_enabled=&#8221;0&#8243; global_colors_info=&#8221;{}&#8221; sticky_enabled=&#8221;0&#8243;][et_pb_column type=&#8221;1_3&#8243; _builder_version=&#8221;4.27.4&#8243; _module_preset=&#8221;default&#8221; background_color=&#8221;#ae485e&#8221; custom_padding=&#8221;10px|8px|10px|8px|true|true&#8221; hover_enabled=&#8221;0&#8243; global_colors_info=&#8221;{}&#8221; sticky_enabled=&#8221;0&#8243;][dsm_card title=&#8221;Spenden&#8221; image_as_background=&#8221;off&#8221; button_text=&#8221;Spenden&#8221; button_url=&#8221;https:\/\/donate.raisenow.io\/vvphj&#8221; button_url_new_window=&#8221;1&#8243; _builder_version=&#8221;4.27.4&#8243; _module_preset=&#8221;default&#8221; header_font=&#8221;DM Sans||||||||&#8221; header_text_color=&#8221;#FFFFFF&#8221; header_font_size=&#8221;24px&#8221; body_font=&#8221;DM Sans Light||||||||&#8221; body_text_color=&#8221;#FFFFFF&#8221; body_font_size=&#8221;15px&#8221; background_enable_color=&#8221;off&#8221; custom_button=&#8221;on&#8221; button_text_size=&#8221;18px&#8221; button_text_color=&#8221;#FFFFFF&#8221; button_border_width=&#8221;1px&#8221; button_border_radius=&#8221;0px&#8221; button_font=&#8221;DM Sans Light||||||||&#8221; button_use_icon=&#8221;off&#8221; hover_enabled=&#8221;0&#8243; header_font_size_tablet=&#8221;24px&#8221; header_font_size_phone=&#8221;22px&#8221; header_font_size_last_edited=&#8221;on|phone&#8221; global_colors_info=&#8221;{}&#8221; button_text_color__hover=&#8221;#FFFFFF&#8221; button_text_color__hover_enabled=&#8221;off|desktop&#8221; button_bg_color__hover=&#8221;#ae485e&#8221; button_bg_color__hover_enabled=&#8221;off|desktop&#8221; button_border_color__hover=&#8221;#ae485e&#8221; button_border_color__hover_enabled=&#8221;off|desktop&#8221; sticky_enabled=&#8221;0&#8243; height=&#8221;250px&#8221; height_last_edited=&#8221;on|phone&#8221; height_tablet=&#8221;250px&#8221; height_phone=&#8221;250px&#8221;]<\/p>\n<p>Vielen Dank, dass Sie die Swiss-Himalayan Amity unterst\u00fctzen! Sie k\u00f6nnen direkt \u00fcber TWINT spenden oder Ihren Spendenbetrag an unser Spendenkonto \u00fcberweisen:<\/p>\n<p>[\/dsm_card][\/et_pb_column][et_pb_column type=&#8221;1_3&#8243; _builder_version=&#8221;4.27.4&#8243; _module_preset=&#8221;default&#8221; background_color=&#8221;#ae485e&#8221; custom_padding=&#8221;10px|8px|10px|8px|true|true&#8221; global_colors_info=&#8221;{}&#8221;][dsm_card title=&#8221;Freiwilligenarbeit&#8221; image_as_background=&#8221;off&#8221; button_text=&#8221;Jetzt mithelfen&#8221; button_url_new_window=&#8221;1&#8243; _builder_version=&#8221;4.27.4&#8243; _module_preset=&#8221;default&#8221; header_font=&#8221;DM Sans||||||||&#8221; header_text_color=&#8221;#FFFFFF&#8221; header_font_size=&#8221;24px&#8221; body_font=&#8221;DM Sans Light||||||||&#8221; body_text_color=&#8221;#FFFFFF&#8221; body_font_size=&#8221;15px&#8221; custom_button=&#8221;on&#8221; button_text_size=&#8221;18px&#8221; button_text_color=&#8221;#FFFFFF&#8221; button_border_width=&#8221;1px&#8221; button_border_radius=&#8221;0px&#8221; button_font=&#8221;DM Sans Light||||||||&#8221; button_use_icon=&#8221;off&#8221; hover_enabled=&#8221;0&#8243; header_font_size_tablet=&#8221;24px&#8221; header_font_size_phone=&#8221;22px&#8221; header_font_size_last_edited=&#8221;on|phone&#8221; dsm_modules_popup=&#8221;on&#8221; dsm_modules_popup_library=&#8221;262&#8243; dsm_modules_close_font_icon=&#8221;&#xe051;||divi||400&#8243; dsm_modules_close_icon_color=&#8221;#FFFFFF&#8221; global_colors_info=&#8221;{}&#8221; button_text_color__hover=&#8221;#FFFFFF&#8221; button_text_color__hover_enabled=&#8221;off|desktop&#8221; button_bg_color__hover=&#8221;#ae485e&#8221; button_bg_color__hover_enabled=&#8221;off|desktop&#8221; button_border_color__hover=&#8221;#ae485e&#8221; button_border_color__hover_enabled=&#8221;off|desktop&#8221; height=&#8221;250px&#8221; sticky_enabled=&#8221;0&#8243;]<\/p>\n<p>Stellen Sie Ihre Zeit und Ihr Fachwissen in den Bereichen Gesundheit, Bildung und Naturschutz zur Verf\u00fcgung.<\/p>\n<p>[\/dsm_card][\/et_pb_column][et_pb_column type=&#8221;1_3&#8243; _builder_version=&#8221;4.27.4&#8243; _module_preset=&#8221;default&#8221; background_color=&#8221;#ae485e&#8221; custom_padding=&#8221;10px|8px|10px|8px|true|true&#8221; global_colors_info=&#8221;{}&#8221;][dsm_card title=&#8221;Operationscamps&#8221; image_as_background=&#8221;off&#8221; button_text=&#8221;Mehr erfahren&#8221; button_url=&#8221;@ET-DC@eyJkeW5hbWljIjp0cnVlLCJjb250ZW50IjoicG9zdF9saW5rX3VybF9wYWdlIiwic2V0dGluZ3MiOnsicG9zdF9pZCI6IjEyNSJ9fQ==@&#8221; button_url_new_window=&#8221;1&#8243; _builder_version=&#8221;4.27.4&#8243; _dynamic_attributes=&#8221;button_url&#8221; _module_preset=&#8221;default&#8221; header_font=&#8221;DM Sans||||||||&#8221; header_text_color=&#8221;#FFFFFF&#8221; header_font_size=&#8221;24px&#8221; body_font=&#8221;DM Sans Light||||||||&#8221; body_text_color=&#8221;#FFFFFF&#8221; body_font_size=&#8221;15px&#8221; custom_button=&#8221;on&#8221; button_text_size=&#8221;18px&#8221; button_text_color=&#8221;#FFFFFF&#8221; button_border_width=&#8221;1px&#8221; button_border_radius=&#8221;0px&#8221; button_font=&#8221;DM Sans Light||||||||&#8221; button_use_icon=&#8221;off&#8221; width=&#8221;95%&#8221; hover_enabled=&#8221;0&#8243; header_font_size_tablet=&#8221;24px&#8221; header_font_size_phone=&#8221;22px&#8221; header_font_size_last_edited=&#8221;on|phone&#8221; global_colors_info=&#8221;{}&#8221; button_text_color__hover=&#8221;#FFFFFF&#8221; button_text_color__hover_enabled=&#8221;off|desktop&#8221; button_bg_color__hover=&#8221;#ae485e&#8221; button_bg_color__hover_enabled=&#8221;off|desktop&#8221; button_border_color__hover=&#8221;#ae485e&#8221; button_border_color__hover_enabled=&#8221;off|desktop&#8221; height=&#8221;250px&#8221; height_last_edited=&#8221;on|phone&#8221; sticky_enabled=&#8221;0&#8243; height_tablet=&#8221;250px&#8221; height_phone=&#8221;250px&#8221;]<\/p>\n<p>Tragen Sie zu lebensver\u00e4ndernden chirurgischen Eingriffen bei.<\/p>\n<p>[\/dsm_card][\/et_pb_column][\/et_pb_row][et_pb_row custom_padding_last_edited=&#8221;on|phone&#8221; disabled_on=&#8221;off|off|off&#8221; _builder_version=&#8221;4.27.4&#8243; _module_preset=&#8221;default&#8221; width=&#8221;90%&#8221; max_width=&#8221;2000px&#8221; module_alignment=&#8221;center&#8221; custom_padding_tablet=&#8221;&#8221; custom_padding_phone=&#8221;0px||0px||true|false&#8221; global_colors_info=&#8221;{}&#8221;][et_pb_column type=&#8221;4_4&#8243; _builder_version=&#8221;4.27.4&#8243; _module_preset=&#8221;default&#8221; global_colors_info=&#8221;{}&#8221;][et_pb_text _builder_version=&#8221;4.27.4&#8243; _module_preset=&#8221;default&#8221; text_font=&#8221;DM Sans||||||||&#8221; text_text_color=&#8221;#000000&#8243; text_font_size=&#8221;35px&#8221; text_line_height=&#8221;45px&#8221; custom_margin=&#8221;||15px|||&#8221; text_font_size_tablet=&#8221;35px&#8221; text_font_size_phone=&#8221;25px&#8221; text_font_size_last_edited=&#8221;on|phone&#8221; text_line_height_tablet=&#8221;45px&#8221; text_line_height_phone=&#8221;35px&#8221; text_line_height_last_edited=&#8221;on|phone&#8221; locked=&#8221;off&#8221; global_colors_info=&#8221;{}&#8221;]<\/p>\n<p>Bank\u00fcberweisung<\/p>\n<p>[\/et_pb_text][et_pb_text _builder_version=&#8221;4.27.4&#8243; _module_preset=&#8221;default&#8221; text_font=&#8221;DM Sans Light||||||||&#8221; text_text_color=&#8221;#000000&#8243; text_font_size=&#8221;16px&#8221; width=&#8221;85%&#8221; width_tablet=&#8221;85%&#8221; width_phone=&#8221;100%&#8221; width_last_edited=&#8221;on|phone&#8221; text_font_size_tablet=&#8221;16px&#8221; text_font_size_phone=&#8221;15px&#8221; text_font_size_last_edited=&#8221;on|phone&#8221; global_colors_info=&#8221;{}&#8221;]<\/p>\n<p>Wenn Sie lieber direkt per Bank\u00fcberweisung spenden m\u00f6chten, verwenden Sie bitte die folgenden Kontodaten:<\/p>\n<p>[\/et_pb_text][\/et_pb_column][\/et_pb_row][et_pb_row column_structure=&#8221;1_3,1_3,1_3&#8243; use_custom_gutter=&#8221;on&#8221; gutter_width=&#8221;2&#8243; disabled_on=&#8221;off|off|off&#8221; _builder_version=&#8221;4.27.4&#8243; _module_preset=&#8221;default&#8221; width=&#8221;90%&#8221; max_width=&#8221;1800px&#8221; module_alignment=&#8221;center&#8221; global_colors_info=&#8221;{}&#8221;][et_pb_column type=&#8221;1_3&#8243; _builder_version=&#8221;4.27.4&#8243; _module_preset=&#8221;default&#8221; background_color=&#8221;#ae485e&#8221; custom_padding=&#8221;10px|8px|10px|8px|true|true&#8221; global_colors_info=&#8221;{}&#8221;][dsm_card image_as_background=&#8221;off&#8221; button_url_new_window=&#8221;1&#8243; _builder_version=&#8221;4.27.4&#8243; _module_preset=&#8221;default&#8221; header_font=&#8221;DM Sans||||||||&#8221; header_text_color=&#8221;#FFFFFF&#8221; header_font_size=&#8221;24px&#8221; body_font=&#8221;DM Sans Light||||||||&#8221; body_text_color=&#8221;#FFFFFF&#8221; body_font_size=&#8221;15px&#8221; background_enable_color=&#8221;off&#8221; custom_button=&#8221;on&#8221; button_text_size=&#8221;18px&#8221; button_text_color=&#8221;#FFFFFF&#8221; button_border_width=&#8221;1px&#8221; button_border_radius=&#8221;0px&#8221; button_font=&#8221;DM Sans Light||||||||&#8221; button_use_icon=&#8221;off&#8221; header_font_size_tablet=&#8221;24px&#8221; header_font_size_phone=&#8221;22px&#8221; header_font_size_last_edited=&#8221;on|phone&#8221; global_colors_info=&#8221;{}&#8221; button_text_color__hover=&#8221;#FFFFFF&#8221; button_text_color__hover_enabled=&#8221;off|desktop&#8221; button_bg_color__hover=&#8221;#ae485e&#8221; button_bg_color__hover_enabled=&#8221;off|desktop&#8221; button_border_color__hover=&#8221;#ae485e&#8221; button_border_color__hover_enabled=&#8221;off|desktop&#8221;]<\/p>\n<p style=\"padding-bottom: 10px;\">Spendenkonto Swiss-Himalayan Amity<\/p>\n<ul style=\"padding-left: 30px;\">\n<li>IBAN CH42 0483 5074 4064 7100 0<\/li>\n<li>UBS Switzerland AG, 8070 Z\u00fcrich<\/li>\n<li>CRESCHZZ80A<\/li>\n<\/ul>\n<p>[\/dsm_card][\/et_pb_column][et_pb_column type=&#8221;1_3&#8243; disabled_on=&#8221;off|off|off&#8221; _builder_version=&#8221;4.27.4&#8243; _module_preset=&#8221;default&#8221; background_color=&#8221;#ae485e&#8221; custom_padding=&#8221;10px|8px|10px|8px|true|true&#8221; custom_css_main_element=&#8221;display:none;&#8221; global_colors_info=&#8221;{}&#8221;][dsm_card title=&#8221;Volunteering&#8221; image_as_background=&#8221;off&#8221; button_text=&#8221;Volunteer now&#8221; button_url_new_window=&#8221;1&#8243; _builder_version=&#8221;4.27.4&#8243; _module_preset=&#8221;default&#8221; header_font=&#8221;DM Sans||||||||&#8221; header_text_color=&#8221;#FFFFFF&#8221; header_font_size=&#8221;24px&#8221; body_font=&#8221;DM Sans Light||||||||&#8221; body_text_color=&#8221;#FFFFFF&#8221; body_font_size=&#8221;15px&#8221; custom_button=&#8221;on&#8221; button_text_size=&#8221;18px&#8221; button_text_color=&#8221;#FFFFFF&#8221; button_border_width=&#8221;1px&#8221; button_border_radius=&#8221;0px&#8221; button_font=&#8221;DM Sans Light||||||||&#8221; button_use_icon=&#8221;off&#8221; header_font_size_tablet=&#8221;24px&#8221; header_font_size_phone=&#8221;22px&#8221; header_font_size_last_edited=&#8221;on|phone&#8221; dsm_modules_popup=&#8221;on&#8221; dsm_modules_popup_library=&#8221;262&#8243; dsm_modules_close_font_icon=&#8221;&#xe051;||divi||400&#8243; dsm_modules_close_icon_color=&#8221;#FFFFFF&#8221; global_colors_info=&#8221;{}&#8221; button_text_color__hover=&#8221;#FFFFFF&#8221; button_text_color__hover_enabled=&#8221;off|desktop&#8221; button_bg_color__hover=&#8221;#ae485e&#8221; button_bg_color__hover_enabled=&#8221;off|desktop&#8221; button_border_color__hover=&#8221;#ae485e&#8221; button_border_color__hover_enabled=&#8221;off|desktop&#8221;]<\/p>\n<p>Give your time and skills to make a difference. Whether you&#8217;re assisting in healthcare, education or conservation, your efforts can create lasting change.<\/p>\n<p>[\/dsm_card][\/et_pb_column][et_pb_column type=&#8221;1_3&#8243; _builder_version=&#8221;4.27.4&#8243; _module_preset=&#8221;default&#8221; background_color=&#8221;#ae485e&#8221; custom_padding=&#8221;10px|8px|10px|8px|true|true&#8221; custom_css_main_element=&#8221;display:none;&#8221; global_colors_info=&#8221;{}&#8221;][dsm_card title=&#8221;Surgery Camps&#8221; image_as_background=&#8221;off&#8221; button_text=&#8221;Learn more&#8221; button_url=&#8221;@ET-DC@eyJkeW5hbWljIjp0cnVlLCJjb250ZW50IjoicG9zdF9saW5rX3VybF9wYWdlIiwic2V0dGluZ3MiOnsicG9zdF9pZCI6IjEyNSJ9fQ==@&#8221; button_url_new_window=&#8221;1&#8243; _builder_version=&#8221;4.27.4&#8243; _dynamic_attributes=&#8221;button_url&#8221; _module_preset=&#8221;default&#8221; header_font=&#8221;DM Sans||||||||&#8221; header_text_color=&#8221;#FFFFFF&#8221; header_font_size=&#8221;24px&#8221; body_font=&#8221;DM Sans Light||||||||&#8221; body_text_color=&#8221;#FFFFFF&#8221; body_font_size=&#8221;15px&#8221; custom_button=&#8221;on&#8221; button_text_size=&#8221;18px&#8221; button_text_color=&#8221;#FFFFFF&#8221; button_border_width=&#8221;1px&#8221; button_border_radius=&#8221;0px&#8221; button_font=&#8221;DM Sans Light||||||||&#8221; button_use_icon=&#8221;off&#8221; width=&#8221;95%&#8221; header_font_size_tablet=&#8221;24px&#8221; header_font_size_phone=&#8221;22px&#8221; header_font_size_last_edited=&#8221;on|phone&#8221; global_colors_info=&#8221;{}&#8221; button_text_color__hover=&#8221;#FFFFFF&#8221; button_text_color__hover_enabled=&#8221;off|desktop&#8221; button_bg_color__hover=&#8221;#ae485e&#8221; button_bg_color__hover_enabled=&#8221;off|desktop&#8221; button_border_color__hover=&#8221;#ae485e&#8221; button_border_color__hover_enabled=&#8221;off|desktop&#8221;]<\/p>\n<p>Our surgical camps provide life-changing care to those with no other options. You can help by donating, volunteering, or spreading the word.<\/p>\n<p>[\/dsm_card][\/et_pb_column][\/et_pb_row][\/et_pb_section]<\/p>\n","protected":false},"excerpt":{"rendered":"<p>Durch ihre Spende einen echten Beitrag im Himalaya bewirken. Sie k\u00f6nnen uns wie folgt unterst\u00fctzen:Ihr Beitrag hilft dabei, abgelegenen Gemeinden im Himalaya Gesundheitsversorgung, Bildung und \u00f6kologische Nachhaltigkeit zu bieten. Ob durch Spenden, Freiwilligenarbeit, die Teilnahme an unseren chirurgischen Camps oder die Mithilfe in einer unserer Organisationen \u2013 Ihre Unterst\u00fctzung ver\u00e4ndert Leben.<div class=\"et_pb_module dsm_card dsm_card_0 et_pb_bg_layout_light  dsm_card_layout_stacked\">\n\t\t\t\t\n\t\t\t\t\n\t\t\t\t\n\t\t\t\t\n\t\t\t\t\n\t\t\t\t\n\t\t\t\t<div class=\"et_pb_module_inner\">\n\t\t\t\t\t\n\t\t\t\n\t\t\t\n\t\t\t<div class=\"et_pb_module dsm_card_wrapper et_pb_text_align_left\">\n\t\t\t\t\t\n\t\t\t\t\t<h4 class=\"dsm_card_title et_pb_module_header\">Spenden<\/h4>\n\t\t\t\t\t\n\t\t\t\t\t<div class=\"dsm_card_description\">Vielen Dank, dass Sie die Swiss-Himalayan Amity unterst\u00fctzen! Sie k\u00f6nnen direkt \u00fcber TWINT spenden oder Ihren Spendenbetrag an unser Spendenkonto \u00fcberweisen:<\/div>\n\t\t\t\t\t<div class=\"et_pb_button_wrapper\"><a class=\"et_pb_button et_pb_more_button \" href=\"https:\/\/donate.raisenow.io\/vvphj\">Spenden<\/a><\/div>\n\t\t\t\t<\/div>\n\t\t\t\n\t\t\t\t<\/div>\n\t\t\t<\/div><div data-dsm-popup-order-class=\"dsm_card_1\" data-dsm-popup-id=\"262\" data-dsm-popup-cookie-consent=\"off\" data-dsm-popup-position=\"center\"  data-dsm-popup-position-tablet=\"center\" data-dsm-popup-position-phone=\"center\" data-dsm-popup-position-type=\"absolute\"  data-dsm-popup-animation-in=\"fadeIn\" data-dsm-popup-animation-out=\"fadeOut\" data-dsm-popup-trigger=\"module\" data-dsm-popup-close-trigger=\"true\" data-dsm-popup-type=\"inline\"         data-dsm-popup-background=\"rgba(0,0,0,0.8)\" data-dsm-popup-button=\"on\" data-dsm-popup-close-button-placement=\"true\" data-dsm-popup-close-font-icon=\"&#xe051;\" data-dsm-popup-fullwidth-width=\"off\" class=\"et_pb_module dsm-popup-module dsm-popup-trigger dsm_card dsm_card_1 et_pb_bg_layout_light  dsm_card_layout_stacked\">\n\t\t\t\t\n\t\t\t\t\n\t\t\t\t\n\t\t\t\t\n\t\t\t\t\n\t\t\t\t\n\t\t\t\t<div class=\"et_pb_module_inner\">\n\t\t\t\t\t\n\t\t\t\n\t\t\t\n\t\t\t<div data-dsm-popup-order-class=\"dsm_card_1\" data-dsm-popup-id=\"262\" data-dsm-popup-cookie-consent=\"off\" data-dsm-popup-position=\"center\"  data-dsm-popup-position-tablet=\"center\" data-dsm-popup-position-phone=\"center\" data-dsm-popup-position-type=\"absolute\"  data-dsm-popup-animation-in=\"fadeIn\" data-dsm-popup-animation-out=\"fadeOut\" data-dsm-popup-trigger=\"module\" data-dsm-popup-close-trigger=\"true\" data-dsm-popup-type=\"inline\"         data-dsm-popup-background=\"rgba(0,0,0,0.8)\" data-dsm-popup-button=\"on\" data-dsm-popup-close-button-placement=\"true\" data-dsm-popup-close-font-icon=\"&#xe051;\" data-dsm-popup-fullwidth-width=\"off\" class=\"et_pb_module dsm-popup-module dsm-popup-trigger dsm_card_wrapper et_pb_text_align_left\">\n\t\t\t\t\t\n\t\t\t\t\t<h4 class=\"dsm_card_title et_pb_module_header\">Freiwilligenarbeit<\/h4>\n\t\t\t\t\t\n\t\t\t\t\t<div class=\"dsm_card_description\">Stellen Sie Ihre Zeit und Ihr Fachwissen in den Bereichen Gesundheit, Bildung und Naturschutz zur Verf\u00fcgung.<\/div>\n\t\t\t\t\t<div class=\"et_pb_button_wrapper\"><a class=\"et_pb_button et_pb_more_button \" href=\"\">Jetzt mithelfen<\/a><\/div>\n\t\t\t\t<\/div>\n\t\t\t\n\t\t\t\t<\/div>\n\t\t\t<\/div><div class=\"et_pb_module dsm_card dsm_card_2 et_pb_bg_layout_light  dsm_card_layout_stacked\">\n\t\t\t\t\n\t\t\t\t\n\t\t\t\t\n\t\t\t\t\n\t\t\t\t\n\t\t\t\t\n\t\t\t\t<div class=\"et_pb_module_inner\">\n\t\t\t\t\t\n\t\t\t\n\t\t\t\n\t\t\t<div class=\"et_pb_module dsm_card_wrapper et_pb_text_align_left\">\n\t\t\t\t\t\n\t\t\t\t\t<h4 class=\"dsm_card_title et_pb_module_header\">&#8221;Operationscamps&#8221;<\/h4>\n\t\t\t\t\t\n\t\t\t\t\t\n\t\t\t\t\t<div class=\"et_pb_button_wrapper\"><a class=\"et_pb_button et_pb_more_button \" href=\"http:\/\/&#8221;&#8221;\">&#8221;Mehr<\/a><\/div>\n\t\t\t\t<\/div>\n\t\t\t\n\t\t\t\t<\/div>\n\t\t\t<\/div><\/p>\n","protected":false},"author":1,"featured_media":0,"parent":0,"menu_order":0,"comment_status":"closed","ping_status":"closed","template":"","meta":{"_et_pb_use_builder":"on","_et_pb_old_content":"","_et_gb_content_width":"","footnotes":""},"class_list":["post-158","page","type-page","status-publish","hentry"],"_links":{"self":[{"href":"https:\/\/swiss-himalayan-amity.ch\/de\/wp-json\/wp\/v2\/pages\/158","targetHints":{"allow":["GET"]}}],"collection":[{"href":"https:\/\/swiss-himalayan-amity.ch\/de\/wp-json\/wp\/v2\/pages"}],"about":[{"href":"https:\/\/swiss-himalayan-amity.ch\/de\/wp-json\/wp\/v2\/types\/page"}],"author":[{"embeddable":true,"href":"https:\/\/swiss-himalayan-amity.ch\/de\/wp-json\/wp\/v2\/users\/1"}],"replies":[{"embeddable":true,"href":"https:\/\/swiss-himalayan-amity.ch\/de\/wp-json\/wp\/v2\/comments?post=158"}],"version-history":[{"count":25,"href":"https:\/\/swiss-himalayan-amity.ch\/de\/wp-json\/wp\/v2\/pages\/158\/revisions"}],"predecessor-version":[{"id":589,"href":"https:\/\/swiss-himalayan-amity.ch\/de\/wp-json\/wp\/v2\/pages\/158\/revisions\/589"}],"wp:attachment":[{"href":"https:\/\/swiss-himalayan-amity.ch\/de\/wp-json\/wp\/v2\/media?parent=158"}],"curies":[{"name":"wp","href":"https:\/\/api.w.org\/{rel}","templated":true}]}}