{"id":109,"date":"2025-04-20T13:40:46","date_gmt":"2025-04-20T13:40:46","guid":{"rendered":"https:\/\/swiss-himalayan-amity.ch\/de\/?page_id=109"},"modified":"2025-11-27T11:26:03","modified_gmt":"2025-11-27T11:26:03","slug":"environment","status":"publish","type":"page","link":"https:\/\/swiss-himalayan-amity.ch\/de\/environment\/","title":{"rendered":"Environment"},"content":{"rendered":"<p>[et_pb_section fb_built=&#8221;1&#8243; _builder_version=&#8221;4.27.4&#8243; _module_preset=&#8221;default&#8221; custom_margin=&#8221;0px||0px||true|false&#8221; custom_padding=&#8221;0px||0px||true|false&#8221; global_colors_info=&#8221;{}&#8221;][et_pb_row _builder_version=&#8221;4.27.4&#8243; _module_preset=&#8221;default&#8221; width=&#8221;100%&#8221; max_width=&#8221;2000px&#8221; module_alignment=&#8221;center&#8221; custom_margin=&#8221;0px||0px||true|false&#8221; custom_padding=&#8221;0px||0px||true|false&#8221; global_colors_info=&#8221;{}&#8221;][et_pb_column type=&#8221;4_4&#8243; _builder_version=&#8221;4.27.4&#8243; _module_preset=&#8221;default&#8221; global_colors_info=&#8221;{}&#8221;][et_pb_image src=&#8221;https:\/\/swiss-himalayan-amity.ch\/de\/wp-content\/uploads\/2025\/04\/image-44-1.jpg&#8221; title_text=&#8221;image 44 (1)&#8221; _builder_version=&#8221;4.27.4&#8243; _module_preset=&#8221;default&#8221; global_colors_info=&#8221;{}&#8221;][\/et_pb_image][\/et_pb_column][\/et_pb_row][\/et_pb_section][et_pb_section fb_built=&#8221;1&#8243; _builder_version=&#8221;4.27.4&#8243; _module_preset=&#8221;default&#8221; global_colors_info=&#8221;{}&#8221;][et_pb_row custom_padding_last_edited=&#8221;on|phone&#8221; _builder_version=&#8221;4.27.4&#8243; _module_preset=&#8221;default&#8221; width=&#8221;90%&#8221; max_width=&#8221;2000px&#8221; module_alignment=&#8221;center&#8221; custom_padding_tablet=&#8221;&#8221; custom_padding_phone=&#8221;0px||0px||true|false&#8221; global_colors_info=&#8221;{}&#8221;][et_pb_column type=&#8221;4_4&#8243; _builder_version=&#8221;4.27.4&#8243; _module_preset=&#8221;default&#8221; global_colors_info=&#8221;{}&#8221;][et_pb_text _builder_version=&#8221;4.27.4&#8243; _module_preset=&#8221;default&#8221; text_font=&#8221;DM Sans||||||||&#8221; text_text_color=&#8221;#000000&#8243; text_font_size=&#8221;35px&#8221; text_line_height=&#8221;45px&#8221; custom_margin=&#8221;||15px|||&#8221; hover_enabled=&#8221;0&#8243; text_font_size_tablet=&#8221;35px&#8221; text_font_size_phone=&#8221;25px&#8221; text_font_size_last_edited=&#8221;on|phone&#8221; text_line_height_tablet=&#8221;45px&#8221; text_line_height_phone=&#8221;35px&#8221; text_line_height_last_edited=&#8221;on|phone&#8221; locked=&#8221;off&#8221; global_colors_info=&#8221;{}&#8221; sticky_enabled=&#8221;0&#8243;]<\/p>\n<p>Umwelt<\/p>\n<p>[\/et_pb_text][et_pb_text _builder_version=&#8221;4.27.4&#8243; _module_preset=&#8221;default&#8221; text_font=&#8221;DM Sans Light||||||||&#8221; text_text_color=&#8221;#000000&#8243; text_font_size=&#8221;16px&#8221; width=&#8221;85%&#8221; width_tablet=&#8221;85%&#8221; width_phone=&#8221;100%&#8221; width_last_edited=&#8221;on|phone&#8221; hover_enabled=&#8221;0&#8243; text_font_size_tablet=&#8221;16px&#8221; text_font_size_phone=&#8221;15px&#8221; text_font_size_last_edited=&#8221;on|phone&#8221; global_colors_info=&#8221;{}&#8221; sticky_enabled=&#8221;0&#8243;]<\/p>\n<p>Der Himalaya ist nicht nur die Heimat vielf\u00e4ltiger Gemeinschaften, sondern auch ein empfindliches \u00d6kosystem, das f\u00fcr k\u00fcnftige Generationen erhalten bleiben muss. Entwaldung, Luftverschmutzung und nicht nachhaltige Praktiken bedrohen sowohl die Umwelt als auch das Wohlergehen der Menschen, die hier leben. Organisationen wie Alaap und Arogya arbeiten an nachhaltigen L\u00f6sungen, indem sie W\u00e4lder wiederaufforsten, saubere Energie f\u00f6rdern und gemeinschaftliche Naturschutzbem\u00fchungen unterst\u00fctzen. Durch Wiederaufforstung und umweltfreundliche Innovationen tragen diese Initiativen dazu bei, Uttarakhand in eine gr\u00fcnere und ges\u00fcndere Zukunft zu f\u00fchren.<\/p>\n<p>[\/et_pb_text][\/et_pb_column][\/et_pb_row][\/et_pb_section][et_pb_section fb_built=&#8221;1&#8243; _builder_version=&#8221;4.27.4&#8243; _module_preset=&#8221;default&#8221; custom_margin=&#8221;0px||0px||true|false&#8221; custom_padding=&#8221;0px||0px||true|false&#8221; global_colors_info=&#8221;{}&#8221;][et_pb_row column_structure=&#8221;1_2,1_2&#8243; use_custom_gutter=&#8221;on&#8221; gutter_width=&#8221;1&#8243; make_equal=&#8221;on&#8221; _builder_version=&#8221;4.27.4&#8243; _module_preset=&#8221;default&#8221; width=&#8221;100%&#8221; max_width=&#8221;1800px&#8221; module_alignment=&#8221;center&#8221; custom_margin=&#8221;0px||0px||true|false&#8221; custom_padding=&#8221;0px||0px||true|false&#8221; global_colors_info=&#8221;{}&#8221;][et_pb_column type=&#8221;1_2&#8243; _builder_version=&#8221;4.27.4&#8243; _module_preset=&#8221;default&#8221; background_color=&#8221;#fafafa&#8221; custom_padding=&#8221;80px|45px|40px|45px|false|true&#8221; custom_padding_tablet=&#8221;80px|45px|40px|45px|false|true&#8221; custom_padding_phone=&#8221;40px|25px|40px|25px|false|true&#8221; custom_padding_last_edited=&#8221;on|phone&#8221; global_colors_info=&#8221;{}&#8221;][et_pb_text _builder_version=&#8221;4.27.4&#8243; _module_preset=&#8221;default&#8221; text_font=&#8221;DM Sans Light||||||||&#8221; text_text_color=&#8221;#FFFFFF&#8221; text_font_size=&#8221;24px&#8221; custom_margin=&#8221;||64px||false|false&#8221; custom_margin_tablet=&#8221;||64px||false|false&#8221; custom_margin_phone=&#8221;||50px||false|false&#8221; custom_margin_last_edited=&#8221;on|phone&#8221; global_colors_info=&#8221;{}&#8221;]<\/p>\n<p><span style=\"padding: 10px 20px; background: #276D50;\">Alaap<\/span><\/p>\n<p>[\/et_pb_text][et_pb_text _builder_version=&#8221;4.27.4&#8243; _module_preset=&#8221;default&#8221; text_font=&#8221;DM Sans|500|||||||&#8221; text_text_color=&#8221;#3eae7f&#8221; text_font_size=&#8221;24px&#8221; text_line_height=&#8221;28px&#8221; custom_margin=&#8221;||17px|||&#8221; text_font_size_tablet=&#8221;24px&#8221; text_font_size_phone=&#8221;20px&#8221; text_font_size_last_edited=&#8221;on|phone&#8221; global_colors_info=&#8221;{}&#8221;]<\/p>\n<p>Wiederherstellung der W\u00e4lder in Uttarakhand<\/p>\n<p>[\/et_pb_text][et_pb_text _builder_version=&#8221;4.27.4&#8243; _module_preset=&#8221;default&#8221; text_font=&#8221;DM Sans Light||||||||&#8221; text_text_color=&#8221;#000000&#8243; text_font_size=&#8221;16px&#8221; width=&#8221;90%&#8221; width_tablet=&#8221;90%&#8221; width_phone=&#8221;100%&#8221; width_last_edited=&#8221;on|phone&#8221; hover_enabled=&#8221;0&#8243; text_font_size_tablet=&#8221;16px&#8221; text_font_size_phone=&#8221;15px&#8221; text_font_size_last_edited=&#8221;on|phone&#8221; global_colors_info=&#8221;{}&#8221; sticky_enabled=&#8221;0&#8243;]<\/p>\n<p>Alaap ist eine gemeinn\u00fctzige Organisation, die sich auf gro\u00dffl\u00e4chige \u00f6kologische Wiederaufforstung in Uttarakhand konzentriert. In Zusammenarbeit mit lokalen Gemeinden stellt Alaap heimische W\u00e4lder wieder her und bef\u00e4higt die Menschen, sich an einer nachhaltigen Landbewirtschaftung zu beteiligen. Ihre Bem\u00fchungen konzentrieren sich auf:<\/p>\n<p>[\/et_pb_text][et_pb_code raw_content_tablet=&#8221;&#8221; raw_content_phone=&#8221;<\/p>\n<div class=%22text-flex%22>\n<div class=%22tf%22>\n<p>\n      Reforesting and conserving native forests to create sustainable green corridors\n    <\/p>\n<\/p><\/div>\n<div class=%22tf%22>\n<p>\n     Empowering communities with training and resources for responsible land use\n    <\/p>\n<\/p><\/div>\n<\/div>\n<style>\n  .text-flex{\n    display: flex;\n    width: 100%;\n  }\n  .tf{\n    width: 50%;\n    background:#CAF4E2;\n    margin:5px;\n    padding:5px 5px;\n  }\n  .tf p{\n    font-family: 'DM Sans Light', Helvetica, Arial, Lucida, sans-serif;\n    font-size: 14px;\n    line-height:18px;\n    font-weight:500;\n    color:#276D50;\n  }\n<\/style>\n<p>&#8221; raw_content_last_edited=&#8221;on|phone&#8221; _builder_version=&#8221;4.27.4&#8243; _module_preset=&#8221;default&#8221; custom_margin=&#8221;|||-3px||&#8221; custom_padding=&#8221;27px||32px|||&#8221; hover_enabled=&#8221;0&#8243; global_colors_info=&#8221;{}&#8221; sticky_enabled=&#8221;0&#8243;]<\/p>\n<div class=\"text-flex\"><!-- [et_pb_line_break_holder] -->  <\/p>\n<div class=\"tf\"><!-- [et_pb_line_break_holder] -->    <pee><!-- [et_pb_line_break_holder] -->      Wiederaufforstung und Erhaltung heimischer W\u00e4lder, um nachhaltige gr\u00fcne Korridore zu schaffen<!-- [et_pb_line_break_holder] -->    <\/pee><!-- [et_pb_line_break_holder] -->  <\/div>\n<p><!-- [et_pb_line_break_holder] -->  <!-- [et_pb_line_break_holder] -->  <\/p>\n<div class=\"tf\"><!-- [et_pb_line_break_holder] -->    <pee><!-- [et_pb_line_break_holder] -->     Bef\u00e4higung der Gemeinden durch Schulungen und Ressourcen f\u00fcr eine verantwortungsvolle Landnutzung<!-- [et_pb_line_break_holder] -->    <\/pee><!-- [et_pb_line_break_holder] -->  <\/div>\n<p><!-- [et_pb_line_break_holder] --><\/div>\n<p><!-- [et_pb_line_break_holder] --><!-- [et_pb_line_break_holder] --><\/p>\n<style><!-- [et_pb_line_break_holder] -->  .text-flex{<!-- [et_pb_line_break_holder] -->    display: flex;<!-- [et_pb_line_break_holder] -->    width: 80%;<!-- [et_pb_line_break_holder] -->  }<!-- [et_pb_line_break_holder] -->  .tf{<!-- [et_pb_line_break_holder] -->    width: 50%;<!-- [et_pb_line_break_holder] -->    background:#CAF4E2;<!-- [et_pb_line_break_holder] -->    margin:5px;<!-- [et_pb_line_break_holder] -->    padding:15px 15px;<!-- [et_pb_line_break_holder] -->  }<!-- [et_pb_line_break_holder] -->  .tf p{<!-- [et_pb_line_break_holder] -->    font-family: 'DM Sans Light', Helvetica, Arial, Lucida, sans-serif;<!-- [et_pb_line_break_holder] -->    font-size: 16px;<!-- [et_pb_line_break_holder] -->    font-weight:500;<!-- [et_pb_line_break_holder] -->    color:#276D50;<!-- [et_pb_line_break_holder] -->  }<!-- [et_pb_line_break_holder] --><\/style>\n<p>[\/et_pb_code][et_pb_text _builder_version=&#8221;4.27.4&#8243; _module_preset=&#8221;default&#8221; text_font=&#8221;DM Sans Light||||||||&#8221; text_text_color=&#8221;#000000&#8243; text_font_size=&#8221;16px&#8221; width=&#8221;90%&#8221; width_tablet=&#8221;90%&#8221; width_phone=&#8221;100%&#8221; width_last_edited=&#8221;on|phone&#8221; hover_enabled=&#8221;0&#8243; text_font_size_tablet=&#8221;16px&#8221; text_font_size_phone=&#8221;15px&#8221; text_font_size_last_edited=&#8221;on|phone&#8221; global_colors_info=&#8221;{}&#8221; sticky_enabled=&#8221;0&#8243;]<\/p>\n<p>Durch die Wiederherstellung des nat\u00fcrlichen Gleichgewichts in der Region sch\u00fctzt Alaap nicht nur die Artenvielfalt, sondern unterst\u00fctzt auch die lokale Bev\u00f6lkerung und sorgt so f\u00fcr langfristige positive Auswirkungen auf die Umwelt und die Menschen.<\/p>\n<p>[\/et_pb_text][\/et_pb_column][et_pb_column type=&#8221;1_2&#8243; _builder_version=&#8221;4.27.4&#8243; _module_preset=&#8221;default&#8221; background_image=&#8221;https:\/\/swiss-himalayan-amity.ch\/de\/wp-content\/uploads\/2025\/04\/image-51.webp&#8221; global_colors_info=&#8221;{}&#8221;][et_pb_image src=&#8221;https:\/\/swiss-himalayan-amity.ch\/de\/wp-content\/uploads\/2025\/04\/image-50.jpg&#8221; title_text=&#8221;image 50&#8243; _builder_version=&#8221;4.27.4&#8243; _module_preset=&#8221;default&#8221; global_colors_info=&#8221;{}&#8221;][\/et_pb_image][\/et_pb_column][\/et_pb_row][et_pb_row column_structure=&#8221;1_2,1_2&#8243; use_custom_gutter=&#8221;on&#8221; gutter_width=&#8221;1&#8243; make_equal=&#8221;on&#8221; _builder_version=&#8221;4.27.4&#8243; _module_preset=&#8221;default&#8221; width=&#8221;100%&#8221; max_width=&#8221;1800px&#8221; module_alignment=&#8221;center&#8221; custom_margin=&#8221;0px||0px||true|false&#8221; custom_padding=&#8221;0px||0px||true|false&#8221; global_colors_info=&#8221;{}&#8221; custom_css_main_element_last_edited=&#8221;on|tablet&#8221; custom_css_main_element_tablet=&#8221;display:flex;||flex-direction:column;&#8221; custom_css_main_element_phone=&#8221;display:flex;||flex-direction:column;&#8221;][et_pb_column type=&#8221;1_2&#8243; _builder_version=&#8221;4.27.4&#8243; _module_preset=&#8221;default&#8221; background_image=&#8221;https:\/\/swiss-himalayan-amity.ch\/de\/wp-content\/uploads\/2025\/04\/image-51.webp&#8221; global_colors_info=&#8221;{}&#8221; custom_css_main_element_last_edited=&#8221;on|tablet&#8221; custom_css_main_element_tablet=&#8221;order:2;&#8221; custom_css_main_element_phone=&#8221;order:2;&#8221;][et_pb_image src=&#8221;https:\/\/swiss-himalayan-amity.ch\/de\/wp-content\/uploads\/2025\/04\/image-1.jpg&#8221; title_text=&#8221;image 1&#8243; force_fullwidth=&#8221;on&#8221; _builder_version=&#8221;4.27.4&#8243; _module_preset=&#8221;default&#8221; hover_enabled=&#8221;0&#8243; global_colors_info=&#8221;{}&#8221; sticky_enabled=&#8221;0&#8243;][\/et_pb_image][et_pb_text _builder_version=&#8221;4.27.4&#8243; _module_preset=&#8221;default&#8221; text_font=&#8221;DM Sans|700|||||||&#8221; text_text_color=&#8221;#276d50&#8243; text_font_size=&#8221;18px&#8221; background_color=&#8221;#caf4e2&#8243; custom_padding=&#8221;20px|20px|20px|20px|true|true&#8221; hover_enabled=&#8221;0&#8243; global_colors_info=&#8221;{}&#8221; sticky_enabled=&#8221;0&#8243;]<\/p>\n<p>Verbesserung der Luftqualit\u00e4t und Verringerung von Atemwegserkrankungen.<\/p>\n<p>[\/et_pb_text][\/et_pb_column][et_pb_column type=&#8221;1_2&#8243; _builder_version=&#8221;4.27.4&#8243; _module_preset=&#8221;default&#8221; background_color=&#8221;#fafafa&#8221; custom_padding=&#8221;80px|45px|40px|45px|false|true&#8221; custom_padding_tablet=&#8221;80px|45px|40px|45px|false|true&#8221; custom_padding_phone=&#8221;40px|25px|40px|25px|false|true&#8221; custom_padding_last_edited=&#8221;on|phone&#8221; global_colors_info=&#8221;{}&#8221; custom_css_main_element_last_edited=&#8221;on|tablet&#8221; custom_css_main_element_tablet=&#8221;order:1;&#8221; custom_css_main_element_phone=&#8221;order:1;&#8221;][et_pb_text _builder_version=&#8221;4.27.4&#8243; _module_preset=&#8221;default&#8221; text_font=&#8221;DM Sans Light||||||||&#8221; text_text_color=&#8221;#FFFFFF&#8221; text_font_size=&#8221;24px&#8221; custom_margin=&#8221;||104px||false|false&#8221; custom_margin_tablet=&#8221;||104px||false|false&#8221; custom_margin_phone=&#8221;||50px||false|false&#8221; custom_margin_last_edited=&#8221;on|phone&#8221; global_colors_info=&#8221;{}&#8221;]<\/p>\n<p><span style=\"padding: 10px 20px; background: #276D50;\">Arogya<\/span><\/p>\n<p>[\/et_pb_text][et_pb_text _builder_version=&#8221;4.27.4&#8243; _module_preset=&#8221;default&#8221; text_font=&#8221;DM Sans|500|||||||&#8221; text_text_color=&#8221;#3eae7f&#8221; text_font_size=&#8221;24px&#8221; text_line_height=&#8221;28px&#8221; custom_margin=&#8221;||17px|||&#8221; hover_enabled=&#8221;0&#8243; text_font_size_tablet=&#8221;24px&#8221; text_font_size_phone=&#8221;20px&#8221; text_font_size_last_edited=&#8221;on|phone&#8221; global_colors_info=&#8221;{}&#8221; sticky_enabled=&#8221;0&#8243;]<\/p>\n<p>F\u00f6rderung von Gesundheit und Nachhaltigkeit<br \/>durch umweltgerechtes Kochen<\/p>\n<p>[\/et_pb_text][et_pb_text _builder_version=&#8221;4.27.4&#8243; _module_preset=&#8221;default&#8221; text_font=&#8221;DM Sans Light||||||||&#8221; text_text_color=&#8221;#000000&#8243; text_font_size=&#8221;16px&#8221; width=&#8221;90%&#8221; width_tablet=&#8221;90%&#8221; width_phone=&#8221;100%&#8221; width_last_edited=&#8221;on|phone&#8221; hover_enabled=&#8221;0&#8243; text_font_size_tablet=&#8221;16px&#8221; text_font_size_phone=&#8221;15px&#8221; text_font_size_last_edited=&#8221;on|phone&#8221; global_colors_info=&#8221;{}&#8221; sticky_enabled=&#8221;0&#8243;]<\/p>\n<p>Arogya verbessert die Luftqualit\u00e4t und Nachhaltigkeit in Haushalten durch den Bau von rauchfreien Chullahs (\u00d6fen) und Verbrennungsanlagen in abgelegenen D\u00f6rfern.<br \/>Diese Innovationen verringern Gesundheitsrisiken, bek\u00e4mpfen die Abfallproblematik und f\u00f6rdern den Umweltschutz durch:<\/p>\n<p>Durch die Integration nachhaltiger Koch- und Abfallbewirtschaftungspraktiken verbessert Arogya die Gesundheit, verringert die Umweltverschmutzung und f\u00f6rdert wirtschaftliche Chancen in den Berggemeinden von Uttarakhand.<\/p>\n<p>[\/et_pb_text][\/et_pb_column][\/et_pb_row][\/et_pb_section]<\/p>\n","protected":false},"excerpt":{"rendered":"<p>UmweltDer Himalaya ist nicht nur die Heimat vielf\u00e4ltiger Gemeinschaften, sondern auch ein empfindliches \u00d6kosystem, das f\u00fcr k\u00fcnftige Generationen erhalten bleiben muss. Entwaldung, Luftverschmutzung und nicht nachhaltige Praktiken bedrohen sowohl die Umwelt als auch das Wohlergehen der Menschen, die hier leben. Organisationen wie Alaap und Arogya arbeiten an nachhaltigen L\u00f6sungen, indem sie W\u00e4lder wiederaufforsten, saubere Energie f\u00f6rdern und gemeinschaftliche Naturschutzbem\u00fchungen unterst\u00fctzen. Durch Wiederaufforstung und umweltfreundliche Innovationen tragen diese Initiativen dazu bei, Uttarakhand in eine gr\u00fcnere und ges\u00fcndere Zukunft zu f\u00fchren.AlaapWiederherstellung der W\u00e4lder in UttarakhandAlaap ist eine gemeinn\u00fctzige Organisation, die sich auf gro\u00dffl\u00e4chige \u00f6kologische Wiederaufforstung in Uttarakhand konzentriert. In Zusammenarbeit mit lokalen Gemeinden stellt Alaap heimische W\u00e4lder wieder her und bef\u00e4higt die Menschen, sich an einer nachhaltigen Landbewirtschaftung zu beteiligen. Ihre Bem\u00fchungen konzentrieren sich auf:Durch die Wiederherstellung des nat\u00fcrlichen Gleichgewichts in der Region sch\u00fctzt Alaap nicht nur die Artenvielfalt, sondern unterst\u00fctzt auch die lokale Bev\u00f6lkerung und sorgt so f\u00fcr langfristige positive Auswirkungen auf die Umwelt und die Menschen.Verbesserung der Luftqualit\u00e4t und Verringerung von Atemwegserkrankungen.ArogyaF\u00f6rderung von Gesundheit und Nachhaltigkeitdurch umweltgerechtes KochenArogya verbessert die Luftqualit\u00e4t und Nachhaltigkeit in Haushalten durch den Bau von rauchfreien Chullahs (\u00d6fen) und Verbrennungsanlagen in abgelegenen D\u00f6rfern.Diese Innovationen verringern Gesundheitsrisiken, bek\u00e4mpfen die Abfallproblematik und f\u00f6rdern den Umweltschutz durch: Durch die [&hellip;]<\/p>\n","protected":false},"author":1,"featured_media":0,"parent":0,"menu_order":0,"comment_status":"closed","ping_status":"closed","template":"","meta":{"_et_pb_use_builder":"on","_et_pb_old_content":"","_et_gb_content_width":"","footnotes":""},"class_list":["post-109","page","type-page","status-publish","hentry"],"_links":{"self":[{"href":"https:\/\/swiss-himalayan-amity.ch\/de\/wp-json\/wp\/v2\/pages\/109","targetHints":{"allow":["GET"]}}],"collection":[{"href":"https:\/\/swiss-himalayan-amity.ch\/de\/wp-json\/wp\/v2\/pages"}],"about":[{"href":"https:\/\/swiss-himalayan-amity.ch\/de\/wp-json\/wp\/v2\/types\/page"}],"author":[{"embeddable":true,"href":"https:\/\/swiss-himalayan-amity.ch\/de\/wp-json\/wp\/v2\/users\/1"}],"replies":[{"embeddable":true,"href":"https:\/\/swiss-himalayan-amity.ch\/de\/wp-json\/wp\/v2\/comments?post=109"}],"version-history":[{"count":11,"href":"https:\/\/swiss-himalayan-amity.ch\/de\/wp-json\/wp\/v2\/pages\/109\/revisions"}],"predecessor-version":[{"id":578,"href":"https:\/\/swiss-himalayan-amity.ch\/de\/wp-json\/wp\/v2\/pages\/109\/revisions\/578"}],"wp:attachment":[{"href":"https:\/\/swiss-himalayan-amity.ch\/de\/wp-json\/wp\/v2\/media?parent=109"}],"curies":[{"name":"wp","href":"https:\/\/api.w.org\/{rel}","templated":true}]}}